{"id":12,"date":"2016-03-04T18:00:29","date_gmt":"2016-03-04T17:00:29","guid":{"rendered":"http:\/\/rodnovjerje.com.hr\/?page_id=12"},"modified":"2026-04-10T16:49:34","modified_gmt":"2026-04-10T14:49:34","slug":"hrz-perunica","status":"publish","type":"page","link":"https:\/\/rodnovjerje.com.hr\/index.php\/hrz-perunica\/","title":{"rendered":"HR\u017d Perunica"},"content":{"rendered":"\t\t<div data-elementor-type=\"wp-page\" data-elementor-id=\"12\" class=\"elementor elementor-12\">\n\t\t\t\t<div class=\"elementor-element elementor-element-49bd72b9 e-con-full e-flex e-con e-parent\" data-id=\"49bd72b9\" data-element_type=\"container\" data-e-type=\"container\">\n\t\t\t\t<div class=\"elementor-element elementor-element-250f6c70 elementor-widget elementor-widget-text-editor\" data-id=\"250f6c70\" data-element_type=\"widget\" data-e-type=\"widget\" data-widget_type=\"text-editor.default\">\n\t\t\t\t\t\t\t\t\t<h3 style=\"text-align: justify;\"><span style=\"color: #a8202a;\">Rodnovjerna \u017eupa Perunica<\/span><\/h3><p style=\"text-align: justify;\"><img fetchpriority=\"high\" decoding=\"async\" class=\"alignright wp-image-2183 size-medium\" src=\"https:\/\/rodnovjerje.com.hr\/wp-content\/uploads\/2026\/04\/Plodovi-18-e1775832564730-512x365.jpg\" alt=\"\" width=\"512\" height=\"365\" srcset=\"https:\/\/rodnovjerje.com.hr\/wp-content\/uploads\/2026\/04\/Plodovi-18-e1775832564730-512x365.jpg 512w, https:\/\/rodnovjerje.com.hr\/wp-content\/uploads\/2026\/04\/Plodovi-18-e1775832564730-840x599.jpg 840w, https:\/\/rodnovjerje.com.hr\/wp-content\/uploads\/2026\/04\/Plodovi-18-e1775832564730-768x548.jpg 768w, https:\/\/rodnovjerje.com.hr\/wp-content\/uploads\/2026\/04\/Plodovi-18-e1775832564730.jpg 935w\" sizes=\"(max-width: 512px) 100vw, 512px\" \/>Godine 2004. osnovana je neformalna zajednica <em>Rodnovjerna \u017eupa Perunica<\/em>, koja dugo vremena djeluje unutar malog kruga od nekoliko ljudi, a tek godinama nakon osnivanja do\u017eivljava blagi rast i razvoj. Nagli rast do\u017eivljava nakon \u0161to njezini \u010dlanovi, ina\u010de aktivni na brojnim kulturno-umjetni\u010dkim podru\u010djima u 2011. godini pokre\u0107u i neprofitnu udrugu \u201ePerunova svetinja\u201c (registrirana 24. travnja 2011. godine u Lovranu pri Primorsko-goranskoj \u017eupaniji).<\/p><p style=\"text-align: justify;\">Vije\u0107e starje\u0161ina Rodnovjerne \u017eupe Perunica 2012. \u017eupu dijeli na dva dijela i tako nastaju <em>Hrvatska rodnovjerna \u017eupa &#8220;Perunica&#8221;<\/em> i <em>Hrvatska rodnovjerna \u017eupa &#8220;Perun&#8221;<\/em>, koje zajedni\u010dki djeluju pod <em>Savezom hrvatskih rodnovjeraca<\/em>.<\/p><p style=\"text-align: justify;\">Danas <em>HR\u017d &#8220;Perunica&#8221;<\/em> broji dvadesetak aktivnih \u010dlanova u Zagrebu i okolici.<\/p><p>\u00a0<\/p><p style=\"text-align: center;\"><img decoding=\"async\" class=\"size-medium wp-image-34 aligncenter\" title=\"\" src=\"https:\/\/rodnovjerje.com.hr\/wp-content\/uploads\/2016\/03\/hrzperunica-300x300.jpg\" alt=\"hrzperunica\" width=\"216\" height=\"216\" srcset=\"https:\/\/rodnovjerje.com.hr\/wp-content\/uploads\/2016\/03\/hrzperunica-300x300.jpg 300w, https:\/\/rodnovjerje.com.hr\/wp-content\/uploads\/2016\/03\/hrzperunica-150x150.jpg 150w, https:\/\/rodnovjerje.com.hr\/wp-content\/uploads\/2016\/03\/hrzperunica-768x768.jpg 768w, https:\/\/rodnovjerje.com.hr\/wp-content\/uploads\/2016\/03\/hrzperunica.jpg 960w\" sizes=\"(max-width: 216px) 100vw, 216px\" \/><strong>Kontakt: <a href=\"http:\/\/perunica@rodnovjerje.com.hr\">perunica@rodnovjerje.com.hr<\/a><\/strong><\/p><p style=\"text-align: center;\">\u00a0<\/p>\t\t\t\t\t\t\t\t<\/div>\n\t\t\t\t<\/div>\n\t\t\t\t<\/div>\n\t\t","protected":false},"excerpt":{"rendered":"<p>Rodnovjerna \u017eupa Perunica Godine 2004. osnovana je neformalna zajednica Rodnovjerna \u017eupa Perunica, koja dugo vremena djeluje unutar malog kruga od nekoliko ljudi, a tek godinama nakon osnivanja do\u017eivljava blagi rast i razvoj. Nagli rast do\u017eivljava nakon \u0161to njezini \u010dlanovi, ina\u010de aktivni na brojnim kulturno-umjetni\u010dkim podru\u010djima u 2011. godini pokre\u0107u i neprofitnu udrugu \u201ePerunova svetinja\u201c (registrirana<\/p>\n<p class=\"more-link\"><a href=\"https:\/\/rodnovjerje.com.hr\/index.php\/hrz-perunica\/\" class=\"themebutton2\">READ MORE<\/a><\/p>\n","protected":false},"author":1,"featured_media":0,"parent":0,"menu_order":0,"comment_status":"closed","ping_status":"closed","template":"","meta":{"footnotes":""},"categories":[],"tags":[],"class_list":["post-12","page","type-page","status-publish","hentry"],"_links":{"self":[{"href":"https:\/\/rodnovjerje.com.hr\/index.php\/wp-json\/wp\/v2\/pages\/12","targetHints":{"allow":["GET"]}}],"collection":[{"href":"https:\/\/rodnovjerje.com.hr\/index.php\/wp-json\/wp\/v2\/pages"}],"about":[{"href":"https:\/\/rodnovjerje.com.hr\/index.php\/wp-json\/wp\/v2\/types\/page"}],"author":[{"embeddable":true,"href":"https:\/\/rodnovjerje.com.hr\/index.php\/wp-json\/wp\/v2\/users\/1"}],"replies":[{"embeddable":true,"href":"https:\/\/rodnovjerje.com.hr\/index.php\/wp-json\/wp\/v2\/comments?post=12"}],"version-history":[{"count":17,"href":"https:\/\/rodnovjerje.com.hr\/index.php\/wp-json\/wp\/v2\/pages\/12\/revisions"}],"predecessor-version":[{"id":2194,"href":"https:\/\/rodnovjerje.com.hr\/index.php\/wp-json\/wp\/v2\/pages\/12\/revisions\/2194"}],"wp:attachment":[{"href":"https:\/\/rodnovjerje.com.hr\/index.php\/wp-json\/wp\/v2\/media?parent=12"}],"wp:term":[{"taxonomy":"category","embeddable":true,"href":"https:\/\/rodnovjerje.com.hr\/index.php\/wp-json\/wp\/v2\/categories?post=12"},{"taxonomy":"post_tag","embeddable":true,"href":"https:\/\/rodnovjerje.com.hr\/index.php\/wp-json\/wp\/v2\/tags?post=12"}],"curies":[{"name":"wp","href":"https:\/\/api.w.org\/{rel}","templated":true}]}}