{"id":10,"date":"2016-03-04T18:00:17","date_gmt":"2016-03-04T17:00:17","guid":{"rendered":"http:\/\/rodnovjerje.com.hr\/?page_id=10"},"modified":"2026-04-09T20:23:16","modified_gmt":"2026-04-09T18:23:16","slug":"o-savezu","status":"publish","type":"page","link":"https:\/\/rodnovjerje.com.hr\/index.php\/o-savezu\/","title":{"rendered":"Savez hrvatskih rodnovjeraca"},"content":{"rendered":"\t\t<div data-elementor-type=\"wp-page\" data-elementor-id=\"10\" class=\"elementor elementor-10\">\n\t\t\t\t<div class=\"elementor-element elementor-element-f2d6581 e-con-full e-flex e-con e-parent\" data-id=\"f2d6581\" data-element_type=\"container\" data-e-type=\"container\">\n\t\t\t\t<div class=\"elementor-element elementor-element-56e67817 elementor-widget elementor-widget-text-editor\" data-id=\"56e67817\" data-element_type=\"widget\" data-e-type=\"widget\" data-widget_type=\"text-editor.default\">\n\t\t\t\t\t\t\t\t\t<h3><span style=\"color: #a8202a;\">Savez hrvatskih rodnovjeraca<\/span><\/h3><p class=\"title\" style=\"text-align: justify;\"><img fetchpriority=\"high\" decoding=\"async\" class=\" wp-image-264 alignright\" src=\"https:\/\/rodnovjerje.com.hr\/wp-content\/uploads\/2016\/03\/320345_10150988492563559_289462992_n.jpg\" alt=\"320345_10150988492563559_289462992_n\" width=\"524\" height=\"359\" srcset=\"https:\/\/rodnovjerje.com.hr\/wp-content\/uploads\/2016\/03\/320345_10150988492563559_289462992_n.jpg 720w, https:\/\/rodnovjerje.com.hr\/wp-content\/uploads\/2016\/03\/320345_10150988492563559_289462992_n-300x205.jpg 300w\" sizes=\"(max-width: 524px) 100vw, 524px\" \/>Hrvatsko rodnovjerje po\u010delo se razvijati na tlu Republike Hrvatske po\u010detkom 2004. godine. Tada je osnovana prva neformalna duhovna rodnovjerna zajednica nazvana Rodnovjerna \u017eupa &#8220;Perunica&#8221;. Nakon \u0161to su njezini brojni \u010dlanovi i istomi\u0161ljenici u 2011. godini pokrenuli i neprofitnu udrugu \u201ePerunova svetinja\u201c rodnovjerje u Hrvata do\u017eivljava zna\u010dajnije promjene. Zbog naglo pove\u0107anog broja \u010dlanova iz \u010ditave Hrvatske uo\u010di jesenjeg krijesa, Plodova, 21. rujna 2012., \u017eupi Perunica dodan je narodni predznak imenu te je tako nastala Hrvatska rodnovjerna \u017eupa Perunica. Sama je Perunica, pak, podijeljena na dvije \u017eupe, te tako nastaju Hrvatska rodnovjerna \u017eupa &#8220;Perunica&#8221;, Zagreb i Hrvatska rodnovjerna \u017eupa &#8220;Perun&#8221;, Lovran. Na taj na\u010din izvr\u0161ena je podjela hrvatske rodnovjerne zajednice na sjevernu i ju\u017enu skupinu radi lak\u0161e koordinacije i lokalizacije. Hrvatskoj rodnovjernoj \u017eupi &#8220;Perunica&#8221; sjedi\u0161te je u Zagrebu, a sveti gaj na \u017dumberku. Hrvatskoj rodnovjernoj \u017eupi &#8220;Perun&#8221; sjedi\u0161te je u Lovranu, a sveti gaj na U\u010dki. Istoga dana, po podjeli \u017eupa, potpisan je izme\u0111u njihovih predstavnika i &#8220;\u017dumbera\u010dki sporazum&#8221; te je njime stvoren Savez hrvatskih rodnovjeraca.<\/p><p style=\"text-align: justify;\">Savez hrvatskih rodnovjeraca (SHR) krovna je organizacija rodnovjeraca koja objedinjuje sve one hrvatske rodnovjerne \u017eupe u Republici Hrvatskoj koje djeluju po istom sustavu. Savez hrvatskih rodnovjeraca nije organizirana crkvena niti religijska organizacija, ve\u0107 neformalna duhovna zajednica istomi\u0161ljenika orijentiranih prema sli\u010dnom svjetovnom i duhovnom pogledu, a u skladu s Eti\u010dkim kodeksom Saveza hrvatskih rodnovjeraca.<\/p><p style=\"text-align: justify;\"><img decoding=\"async\" class=\"size-medium wp-image-256 alignright\" title=\"\" src=\"https:\/\/rodnovjerje.com.hr\/wp-content\/uploads\/2016\/03\/logo1-296x300.jpg\" alt=\"logo1\" width=\"296\" height=\"300\" srcset=\"https:\/\/rodnovjerje.com.hr\/wp-content\/uploads\/2016\/03\/logo1-296x300.jpg 296w, https:\/\/rodnovjerje.com.hr\/wp-content\/uploads\/2016\/03\/logo1-768x779.jpg 768w, https:\/\/rodnovjerje.com.hr\/wp-content\/uploads\/2016\/03\/logo1-1010x1024.jpg 1010w\" sizes=\"(max-width: 296px) 100vw, 296px\" \/>Od 2015. godine u Hrvatskoj se pojavljuju i druge rodnovjerne skupine koje ne dijele isti sustav sa Savezom hrvatskih rodnovjeraca te Savez ne govori u njihovo ime kad se referira na svoje vi\u0111enje hrvatskoga rodnovjerja. Savez hrvatskih rodnovjeraca uspje\u0161no sura\u0111uje s drugim slavenskim rodnovjernim organizacijama i \u017eupama kao \u0161to su Slovenski staroverci, Srpska rodnoverna \u017eupa &#8220;Lug Velesa&#8221;, Savez rodnovjernih Ukrajine (ORU), te niz drugih.<\/p><p style=\"text-align: justify;\">U ljeto 2012. godine Sveslavensko vije\u0107e rodne vjere poslalo je pozdrave hrvatskim rodnovjercima Saveza hrvatskih rodnovjeraca i ujedno ih pozvalo da sudjeluju u radu Vije\u0107a ve\u0107 od 2013. godine u Ukrajini. Ve\u0107 nakon prve godine sudjelovanja u ukrajinskom gradu U\u017egorodu, Savez hrvatskih rodnovjeraca je odabran kao suorganizator, uz slovenske rodnovjerce, te doma\u0107in Sveslavenskog vije\u0107a rodne vjere u 2014. godini. To je rezultiralo uspje\u0161no organiziranim Vije\u0107em odr\u017eanime u Mo\u0161\u0107enicama u srpnju 2014., a gdje su bili prisutni predstavnici nekoliko velikih slavenskih rodnovjernih organizacija (Ukrajine, Rusije, \u010ce\u0161ke, Slovenije, Srbije, Bugarske&#8230;). Glavna tema Vije\u0107a bila je &#8220;Du\u0161a u slavenskom rodnovjerju&#8221;. Savez hrvatskih rodnovjeraca izdao je pritom i prvi prigodni broj \u010dasopisa Vije\u0107a <em>Slava<\/em> na hrvatskome jeziku koji je nastavio svoj godi\u0161nji izlazak i u narednim godinama. Slu\u017ebena internetska stranica Saveza hrvatskih rodnovjeraca je www.rodnovjerje.com.hr.<\/p><div id=\"zumberak\" class=\"post\"><h3><span style=\"color: #a8202a;\">\u017dumbera\u010dki sporazum<\/span><\/h3><p class=\"title\" style=\"text-align: justify;\">&#8220;\u017dumbera\u010dki sporazum o savezu hrvatskih rodnovjeraca&#8221;, skra\u0107eno <em>\u017dumbera\u010dki sporazum <\/em>temeljni je dokument kojim je organizirana koordinacija svih hrvatskih rodnovjeraca. Sastoji se od pisanog sporazuma izme\u0111u dviju \u017eupa &#8220;Perunica&#8221; i &#8220;Perun&#8221;, potpisanog od predstavnika istih te statuta Saveza pod nazivom &#8220;Rije\u010d Pravine&#8221;.<\/p><p class=\"title\" style=\"text-align: center;\"><strong>Kontakt: <a href=\"http:\/\/shr@rodnovjerje.com.hr\">shr@rodnovjerje.com.hr<\/a><\/strong><\/p><p class=\"title\" style=\"text-align: justify;\">\u00a0<\/p><\/div>\t\t\t\t\t\t\t\t<\/div>\n\t\t\t\t<\/div>\n\t\t\t\t<\/div>\n\t\t","protected":false},"excerpt":{"rendered":"<p>Savez hrvatskih rodnovjeraca Hrvatsko rodnovjerje po\u010delo se razvijati na tlu Republike Hrvatske po\u010detkom 2004. godine. Tada je osnovana prva neformalna duhovna rodnovjerna zajednica nazvana Rodnovjerna \u017eupa &#8220;Perunica&#8221;. Nakon \u0161to su njezini brojni \u010dlanovi i istomi\u0161ljenici u 2011. godini pokrenuli i neprofitnu udrugu \u201ePerunova svetinja\u201c rodnovjerje u Hrvata do\u017eivljava zna\u010dajnije promjene. Zbog naglo pove\u0107anog broja \u010dlanova<\/p>\n<p class=\"more-link\"><a href=\"https:\/\/rodnovjerje.com.hr\/index.php\/o-savezu\/\" class=\"themebutton2\">READ MORE<\/a><\/p>\n","protected":false},"author":1,"featured_media":0,"parent":0,"menu_order":0,"comment_status":"closed","ping_status":"closed","template":"","meta":{"footnotes":""},"categories":[],"tags":[],"class_list":["post-10","page","type-page","status-publish","hentry"],"_links":{"self":[{"href":"https:\/\/rodnovjerje.com.hr\/index.php\/wp-json\/wp\/v2\/pages\/10","targetHints":{"allow":["GET"]}}],"collection":[{"href":"https:\/\/rodnovjerje.com.hr\/index.php\/wp-json\/wp\/v2\/pages"}],"about":[{"href":"https:\/\/rodnovjerje.com.hr\/index.php\/wp-json\/wp\/v2\/types\/page"}],"author":[{"embeddable":true,"href":"https:\/\/rodnovjerje.com.hr\/index.php\/wp-json\/wp\/v2\/users\/1"}],"replies":[{"embeddable":true,"href":"https:\/\/rodnovjerje.com.hr\/index.php\/wp-json\/wp\/v2\/comments?post=10"}],"version-history":[{"count":22,"href":"https:\/\/rodnovjerje.com.hr\/index.php\/wp-json\/wp\/v2\/pages\/10\/revisions"}],"predecessor-version":[{"id":2152,"href":"https:\/\/rodnovjerje.com.hr\/index.php\/wp-json\/wp\/v2\/pages\/10\/revisions\/2152"}],"wp:attachment":[{"href":"https:\/\/rodnovjerje.com.hr\/index.php\/wp-json\/wp\/v2\/media?parent=10"}],"wp:term":[{"taxonomy":"category","embeddable":true,"href":"https:\/\/rodnovjerje.com.hr\/index.php\/wp-json\/wp\/v2\/categories?post=10"},{"taxonomy":"post_tag","embeddable":true,"href":"https:\/\/rodnovjerje.com.hr\/index.php\/wp-json\/wp\/v2\/tags?post=10"}],"curies":[{"name":"wp","href":"https:\/\/api.w.org\/{rel}","templated":true}]}}